{"id":113,"date":"2013-07-26T18:04:42","date_gmt":"2013-07-26T16:04:42","guid":{"rendered":"http:\/\/fweb32.ok-webhost06.de\/DFFneu\/?page_id=113"},"modified":"2014-10-16T12:39:52","modified_gmt":"2014-10-16T10:39:52","slug":"studiobau","status":"publish","type":"page","link":"https:\/\/dff-tv.de\/?page_id=113","title":{"rendered":"Studiobau"},"content":{"rendered":"<p>Ob Satelliten-Uplink, computergesteuerte Sendeabwicklung, Blue-Box-Studio, \u00dc-Wagenbau, oder die gro\u00dfe TV-Produktionshalle, die Techniker der DFF planen, projektieren, realisieren und warten solche Anlagen.<\/p>\n<p>Auch hier gelingen der DFF regelm\u00e4\u00dfig L\u00f6sungsans\u00e4tze, die dem heutigen &#8222;Kostendruck&#8220; gerecht werden und zu einem optimalen Kosten-Nutzen-Verh\u00e4ltnis f\u00fchren. Hier kommt unserer Planungsabteilung sicherlich zugute, dass unsere Techniker und Mitarbeiter der Produktion selbst solche Anlagen bedienen und von daher auch optimale Arbeitsabl\u00e4ufe in die Planungen einbezogen werden k\u00f6nnen.<\/p>\n<p>&nbsp;<\/p>\n<p>Video<\/p>\n<p><iframe loading=\"lazy\" title=\"Imagefilm F\u00dc8, DFF Deutsche Film Fernsehen\" width=\"500\" height=\"281\" src=\"https:\/\/www.youtube.com\/embed\/c3wSRSuab0U?feature=oembed\" frameborder=\"0\" allow=\"accelerometer; autoplay; clipboard-write; encrypted-media; gyroscope; picture-in-picture; web-share\" referrerpolicy=\"strict-origin-when-cross-origin\" allowfullscreen><\/iframe><\/p>\n<p>&nbsp;<\/p>\n<p>Video<\/p>\n<p><iframe loading=\"lazy\" title=\"Making of Propaganda im Goya Berlin, DFF Deutsche Film Fernsehen\" width=\"500\" height=\"375\" src=\"https:\/\/www.youtube.com\/embed\/_zMkk1HDBLg?feature=oembed\" frameborder=\"0\" allow=\"accelerometer; autoplay; clipboard-write; encrypted-media; gyroscope; picture-in-picture; web-share\" referrerpolicy=\"strict-origin-when-cross-origin\" allowfullscreen><\/iframe><\/p>\n<p>&nbsp;<\/p>\n<p>&nbsp;<\/p>\n<p>&nbsp;<\/p>\n","protected":false},"excerpt":{"rendered":"<p>Ob Satelliten-Uplink, computergesteuerte Sendeabwicklung, Blue-Box-Studio, \u00dc-Wagenbau, oder die gro\u00dfe TV-Produktionshalle, die Techniker der DFF planen, projektieren, realisieren und warten solche Anlagen. Auch hier gelingen der DFF regelm\u00e4\u00dfig L\u00f6sungsans\u00e4tze, die dem heutigen &#8222;Kostendruck&#8220; gerecht werden und zu einem optimalen Kosten-Nutzen-Verh\u00e4ltnis f\u00fchren. Hier kommt unserer Planungsabteilung sicherlich [&hellip;]<\/p>\n","protected":false},"author":1,"featured_media":0,"parent":4,"menu_order":0,"comment_status":"open","ping_status":"open","template":"","meta":{"footnotes":""},"class_list":["post-113","page","type-page","status-publish","hentry"],"_links":{"self":[{"href":"https:\/\/dff-tv.de\/index.php?rest_route=\/wp\/v2\/pages\/113","targetHints":{"allow":["GET"]}}],"collection":[{"href":"https:\/\/dff-tv.de\/index.php?rest_route=\/wp\/v2\/pages"}],"about":[{"href":"https:\/\/dff-tv.de\/index.php?rest_route=\/wp\/v2\/types\/page"}],"author":[{"embeddable":true,"href":"https:\/\/dff-tv.de\/index.php?rest_route=\/wp\/v2\/users\/1"}],"replies":[{"embeddable":true,"href":"https:\/\/dff-tv.de\/index.php?rest_route=%2Fwp%2Fv2%2Fcomments&post=113"}],"version-history":[{"count":7,"href":"https:\/\/dff-tv.de\/index.php?rest_route=\/wp\/v2\/pages\/113\/revisions"}],"predecessor-version":[{"id":1020,"href":"https:\/\/dff-tv.de\/index.php?rest_route=\/wp\/v2\/pages\/113\/revisions\/1020"}],"up":[{"embeddable":true,"href":"https:\/\/dff-tv.de\/index.php?rest_route=\/wp\/v2\/pages\/4"}],"wp:attachment":[{"href":"https:\/\/dff-tv.de\/index.php?rest_route=%2Fwp%2Fv2%2Fmedia&parent=113"}],"curies":[{"name":"wp","href":"https:\/\/api.w.org\/{rel}","templated":true}]}}