{"id":118,"date":"2013-07-26T18:05:35","date_gmt":"2013-07-26T16:05:35","guid":{"rendered":"http:\/\/fweb32.ok-webhost06.de\/DFFneu\/?page_id=118"},"modified":"2013-07-28T22:17:20","modified_gmt":"2013-07-28T20:17:20","slug":"beratung","status":"publish","type":"page","link":"https:\/\/dff-tv.de\/?page_id=118","title":{"rendered":"Beratung"},"content":{"rendered":"<p>Die ver\u00e4nderten, medienrechtlichen Bestimmungen f\u00fchren zu permanent neuen und innovativen M\u00f6glichkeiten in den elektronischen Medien.<\/p>\n<p>So ber\u00e4t die DFF Unternehmen, oder Interessensgruppen, die in den elektronischen Medien t\u00e4tig werden wollen, es bereits sind, oder diese f\u00fcr sich nutzen m\u00f6chten.<\/p>\n<p>Seit dem Start der privaten, elektronischen Medien in Deutschland, sind DFF-Mitarbeiter sowohl beratend in medienpolitische Prozesse, als auch aktiv in den Aufbau namhafter Projekte eingebunden.<\/p>\n<p>Das Team der DFF ber\u00e4t Interessenten und Rundfunksender sowohl in Programm- und Produktionsfragen, als auch in Fragen der Medienpolitik, Lizensierung, Signalverbreitung und organisiert den kompletten Aufbau von neuen Sendeschienen, beziehungsweise Sendern und Medienprojekten.<\/p>\n","protected":false},"excerpt":{"rendered":"<p>Die ver\u00e4nderten, medienrechtlichen Bestimmungen f\u00fchren zu permanent neuen und innovativen M\u00f6glichkeiten in den elektronischen Medien. So ber\u00e4t die DFF Unternehmen, oder Interessensgruppen, die in den elektronischen Medien t\u00e4tig werden wollen, es bereits sind, oder diese f\u00fcr sich nutzen m\u00f6chten. Seit dem Start der privaten, elektronischen [&hellip;]<\/p>\n","protected":false},"author":1,"featured_media":0,"parent":4,"menu_order":0,"comment_status":"open","ping_status":"open","template":"","meta":{"footnotes":""},"class_list":["post-118","page","type-page","status-publish","hentry"],"_links":{"self":[{"href":"https:\/\/dff-tv.de\/index.php?rest_route=\/wp\/v2\/pages\/118","targetHints":{"allow":["GET"]}}],"collection":[{"href":"https:\/\/dff-tv.de\/index.php?rest_route=\/wp\/v2\/pages"}],"about":[{"href":"https:\/\/dff-tv.de\/index.php?rest_route=\/wp\/v2\/types\/page"}],"author":[{"embeddable":true,"href":"https:\/\/dff-tv.de\/index.php?rest_route=\/wp\/v2\/users\/1"}],"replies":[{"embeddable":true,"href":"https:\/\/dff-tv.de\/index.php?rest_route=%2Fwp%2Fv2%2Fcomments&post=118"}],"version-history":[{"count":5,"href":"https:\/\/dff-tv.de\/index.php?rest_route=\/wp\/v2\/pages\/118\/revisions"}],"predecessor-version":[{"id":212,"href":"https:\/\/dff-tv.de\/index.php?rest_route=\/wp\/v2\/pages\/118\/revisions\/212"}],"up":[{"embeddable":true,"href":"https:\/\/dff-tv.de\/index.php?rest_route=\/wp\/v2\/pages\/4"}],"wp:attachment":[{"href":"https:\/\/dff-tv.de\/index.php?rest_route=%2Fwp%2Fv2%2Fmedia&parent=118"}],"curies":[{"name":"wp","href":"https:\/\/api.w.org\/{rel}","templated":true}]}}