{"id":1219,"date":"2016-05-24T14:44:33","date_gmt":"2016-05-24T12:44:33","guid":{"rendered":"http:\/\/dff-tv.de\/?page_id=1219"},"modified":"2016-06-02T20:12:27","modified_gmt":"2016-06-02T18:12:27","slug":"ubersicht","status":"publish","type":"page","link":"https:\/\/dff-tv.de\/?page_id=1219","title":{"rendered":"Film \/ Video Quality"},"content":{"rendered":"<p>&nbsp;<\/p>\n<p><iframe loading=\"lazy\" title=\"Eastin Grand Hotel Sathorn - Video Eastin Bangkok Top 20 Hotels Thailand, Tips, DFF. Top10 hotels\" width=\"500\" height=\"281\" src=\"https:\/\/www.youtube.com\/embed\/7lEIjYiBzFc?feature=oembed\" frameborder=\"0\" allow=\"accelerometer; autoplay; clipboard-write; encrypted-media; gyroscope; picture-in-picture; web-share\" referrerpolicy=\"strict-origin-when-cross-origin\" allowfullscreen><\/iframe><\/p>\n<p>Imagevideo: 5-star Eastin Hotel-Groupe, Asia (Bangkok)<\/p>\n<p>&nbsp;<\/p>\n<h6><em>&gt;&gt;&gt; Based on this video production and publication the\u00a0Hotel Groupe has significantly more\u00a0i<\/em><em>nteresseted persons \/ bookings, <\/em><em>so they offer further cooperation with us for other Hotels and we did the next video productions:<\/em><\/h6>\n<p>&nbsp;<\/p>\n<p><iframe loading=\"lazy\" title=\"Eastin Hotel Pattaya Video - Top 20 Tips - Best hotels, DFF 2015\" width=\"500\" height=\"281\" src=\"https:\/\/www.youtube.com\/embed\/MLbDJQtLKpg?feature=oembed\" frameborder=\"0\" allow=\"accelerometer; autoplay; clipboard-write; encrypted-media; gyroscope; picture-in-picture; web-share\" referrerpolicy=\"strict-origin-when-cross-origin\" allowfullscreen><\/iframe><\/p>\n<p>Imagevideo: 4- star Eastin Hotel- Groupe, Asia (Pattaya)<\/p>\n<p>&nbsp;<\/p>\n<p><iframe loading=\"lazy\" title=\"Top20 Travel Tip Baros Maldives Video\" width=\"500\" height=\"281\" src=\"https:\/\/www.youtube.com\/embed\/HZFDKFKv5DY?feature=oembed\" frameborder=\"0\" allow=\"accelerometer; autoplay; clipboard-write; encrypted-media; gyroscope; picture-in-picture; web-share\" referrerpolicy=\"strict-origin-when-cross-origin\" allowfullscreen><\/iframe><\/p>\n<p>Imagevideo: Baros, \u00a0Maldives<\/p>\n<p>&nbsp;<\/p>\n<p>&nbsp;<\/p>\n<h3>DFF Production<\/h3>\n<p>DFF is one of the successful\u00a0production companies in the German-speaking world and offers communication instruments and productions for Business, Industry also for TV-, Radio-, Webstations.<\/p>\n<ul>\n<li>Best price for<\/li>\n<li>HighEnd productions<\/li>\n<li>State of the art technical equipment<\/li>\n<li>Creativity<\/li>\n<li>Experienced team<\/li>\n<\/ul>\n<p>&nbsp;<\/p>\n<p>For a rollover calculation:<\/p>\n<p>Customary Industry Prices: \u00a0Starting EUR 3.000 to 6.000\u00a0per video-minute<\/p>\n<p>DFF Special Offer:\u00a0\u00a0\u00a0\u00a0\u00a0\u00a0\u00a0\u00a0\u00a0\u00a0\u00a0\u00a0\u00a0\u00a0\u00a0Starting EUR 1.500,&#8211; \/ SAFE more than 50%<\/p>\n<p>&nbsp;<\/p>\n<h4>\u00a0\u00a0\u00a0 More-Infos\/Offer: \u00a0\u00a0\u00a0<a href=\"http:\/\/dff-tv.de\/?p=969\">http:\/\/dff-tv.de\/?p=969<\/a><\/h4>\n<h4>\u00a0\u00a0\u00a0 Contact:\u00a0\u00a0\u00a0\u00a0\u00a0\u00a0\u00a0\u00a0\u00a0\u00a0\u00a0\u00a0\u00a0\u00a0\u00a0\u00a0\u00a0\u00a0\u00a0\u00a0<a href=\"mailto:gf@DFF-TV.de\">gf@DFF-TV.de<\/a><\/h4>\n<p>&nbsp;<\/p>\n<p>&nbsp;<\/p>\n<p><iframe loading=\"lazy\" title=\"Top 20 \u00c4rzte Sch\u00f6nheit - Die Hautambulanz, Berlin Dr. Rothhaar - Beste Haut\u00e4rzte\" width=\"500\" height=\"281\" src=\"https:\/\/www.youtube.com\/embed\/jAUkqaanP5E?feature=oembed\" frameborder=\"0\" allow=\"accelerometer; autoplay; clipboard-write; encrypted-media; gyroscope; picture-in-picture; web-share\" referrerpolicy=\"strict-origin-when-cross-origin\" allowfullscreen><\/iframe><\/p>\n<p>Imagevideo:\u00a0 Hautarzt Dr. Rothhaar, Berlin &#8211; Top20<\/p>\n<p>&nbsp;<\/p>\n<p><iframe loading=\"lazy\" title=\"Hotel Adlon Kempinski Berlin - Hotel des Jahres 2013\" width=\"500\" height=\"281\" src=\"https:\/\/www.youtube.com\/embed\/7X8W11xxcU4?feature=oembed\" frameborder=\"0\" allow=\"accelerometer; autoplay; clipboard-write; encrypted-media; gyroscope; picture-in-picture; web-share\" referrerpolicy=\"strict-origin-when-cross-origin\" allowfullscreen><\/iframe><\/p>\n<p>Reportage: 5-star Kempinsky Hotel, Berlin\u00a0&#8211; Top20<\/p>\n<p>&nbsp;<\/p>\n<p><iframe loading=\"lazy\" title=\"TOP 20 M\u00f6bel Design - Margarethe Schreinemakers Crazy Art Deco - OAM\" width=\"500\" height=\"281\" src=\"https:\/\/www.youtube.com\/embed\/EOwWp0wRQyA?feature=oembed\" frameborder=\"0\" allow=\"accelerometer; autoplay; clipboard-write; encrypted-media; gyroscope; picture-in-picture; web-share\" referrerpolicy=\"strict-origin-when-cross-origin\" allowfullscreen><\/iframe><\/p>\n<p>Reportage: Mobellinie Crazy Art Deco, Margarethe Schreinemakers &#8211; Top20<\/p>\n<p>&nbsp;<\/p>\n<p>&nbsp;<\/p>\n<p>&nbsp;<\/p>\n<p>&nbsp;<\/p>\n<p>&nbsp;<\/p>\n<p>&nbsp;<\/p>\n<p>&nbsp;<\/p>\n<p><a style=\"font-size: 16px; color: white;\" title=\"\u00c4rzte\" href=\"http:\/\/dff-tv.de\/?page_id=1141\"><strong>\u00c4rzte<\/strong><\/a><br \/>\n<a style=\"font-size: 16px; color: white;\" title=\"Beauty\" href=\"http:\/\/dff-tv.de\/?page_id=1137\"><strong>Beauty<\/strong><\/a><br \/>\n<a style=\"font-size: 16px; color: white;\" title=\"Hotels\" href=\"http:\/\/dff-tv.de\/?page_id=1145\"><strong>Hotels<\/strong><\/a><br \/>\n<a style=\"font-size: 16px; color: white;\" title=\"Partys\" href=\"http:\/\/dff-tv.de\/?page_id=1135\"><strong>Partys<\/strong><\/a><\/p>\n","protected":false},"excerpt":{"rendered":"<p>&nbsp; Imagevideo: 5-star Eastin Hotel-Groupe, Asia (Bangkok) &nbsp; &gt;&gt;&gt; Based on this video production and publication the\u00a0Hotel Groupe has significantly more\u00a0interesseted persons \/ bookings, so they offer further cooperation with us for other Hotels and we did the next video productions: &nbsp; Imagevideo: 4- star [&hellip;]<\/p>\n","protected":false},"author":2,"featured_media":0,"parent":0,"menu_order":0,"comment_status":"closed","ping_status":"closed","template":"","meta":{"footnotes":""},"class_list":["post-1219","page","type-page","status-publish","hentry"],"_links":{"self":[{"href":"https:\/\/dff-tv.de\/index.php?rest_route=\/wp\/v2\/pages\/1219","targetHints":{"allow":["GET"]}}],"collection":[{"href":"https:\/\/dff-tv.de\/index.php?rest_route=\/wp\/v2\/pages"}],"about":[{"href":"https:\/\/dff-tv.de\/index.php?rest_route=\/wp\/v2\/types\/page"}],"author":[{"embeddable":true,"href":"https:\/\/dff-tv.de\/index.php?rest_route=\/wp\/v2\/users\/2"}],"replies":[{"embeddable":true,"href":"https:\/\/dff-tv.de\/index.php?rest_route=%2Fwp%2Fv2%2Fcomments&post=1219"}],"version-history":[{"count":9,"href":"https:\/\/dff-tv.de\/index.php?rest_route=\/wp\/v2\/pages\/1219\/revisions"}],"predecessor-version":[{"id":1370,"href":"https:\/\/dff-tv.de\/index.php?rest_route=\/wp\/v2\/pages\/1219\/revisions\/1370"}],"wp:attachment":[{"href":"https:\/\/dff-tv.de\/index.php?rest_route=%2Fwp%2Fv2%2Fmedia&parent=1219"}],"curies":[{"name":"wp","href":"https:\/\/api.w.org\/{rel}","templated":true}]}}