{"id":99,"date":"2013-07-26T17:50:38","date_gmt":"2013-07-26T15:50:38","guid":{"rendered":"http:\/\/fweb32.ok-webhost06.de\/DFFneu\/?page_id=99"},"modified":"2016-06-11T15:42:15","modified_gmt":"2016-06-11T13:42:15","slug":"tv-event-produktionen","status":"publish","type":"page","link":"https:\/\/dff-tv.de\/?page_id=99","title":{"rendered":"TV- &#038; Event-Produktionen"},"content":{"rendered":"<p><a href=\"http:\/\/dff-tv.de\/wp-content\/uploads\/2015\/08\/cid_CF7E1098-FA16-4CB9-8606-4CCAFBA976B7.jpg\"><img loading=\"lazy\" decoding=\"async\" class=\"alignnone size-medium wp-image-1079\" alt=\"!cid_CF7E1098-FA16-4CB9-8606-4CCAFBA976B7\" src=\"http:\/\/dff-tv.de\/wp-content\/uploads\/2015\/08\/cid_CF7E1098-FA16-4CB9-8606-4CCAFBA976B7-300x200.jpg\" width=\"300\" height=\"200\" srcset=\"https:\/\/dff-tv.de\/wp-content\/uploads\/2015\/08\/cid_CF7E1098-FA16-4CB9-8606-4CCAFBA976B7-300x200.jpg 300w, https:\/\/dff-tv.de\/wp-content\/uploads\/2015\/08\/cid_CF7E1098-FA16-4CB9-8606-4CCAFBA976B7.jpg 567w\" sizes=\"auto, (max-width: 300px) 100vw, 300px\" \/><\/a><\/p>\n<p>Wir sind in nahezu allen Genres der TV-Produktion zu Hause. So haben wir mehrere hundert Folgen von Lifestyle-, Gesundheits-, Auto- und andere Magazinen, zahlreiche Nachrichtenbeitr\u00e4ge, sowie gro\u00dfe Abend-Unterhaltungsshows (Volksmusik, Schlager, Pop &amp; Rock, Galas uvm.) produziert.<\/p>\n<p>Die DFF geh\u00f6rt zu den Produktionsfirmen, die fundiertes Know How bei der Produktion von &#8222;gro\u00dfen Shows&#8220; haben.<\/p>\n<p>Live, \u00fcber mehrere Stunden, internationale Stars gleich dutzendweise&#8230;<\/p>\n<p>Das ganze in einer gro\u00dfen Halle, oder open air, mit Zehntausenden vor Ort&#8230;<\/p>\n<p>Alles aus einer Hand: DFF &#8211; high quality and creativity<\/p>\n<p>Durch unser umfangreiches Netzwerk, unsere Erfahrung, sind wir in der Lage, Produktionen oft deutlich unter markt\u00fcblichen Konditionen anbieten zu k\u00f6nnen.<\/p>\n<p>&nbsp;<\/p>\n<p>&nbsp;<\/p>\n<p>&nbsp;<\/p>\n<h2><\/h2>\n<h2>Beispiele von DFF Produktionen:<\/h2>\n<p>ARD, Vorabendserie<\/p>\n<p><iframe loading=\"lazy\" title=\"Tierretter von Aiderbichl, DFF Deutsche Film Fernsehen\" width=\"500\" height=\"375\" src=\"https:\/\/www.youtube.com\/embed\/HxNb133ZgzI?feature=oembed\" frameborder=\"0\" allow=\"accelerometer; autoplay; clipboard-write; encrypted-media; gyroscope; picture-in-picture; web-share\" referrerpolicy=\"strict-origin-when-cross-origin\" allowfullscreen><\/iframe><\/p>\n<p>&nbsp;<\/p>\n<p>BaW\u00fc TV, Musikshow<\/p>\n<p><iframe loading=\"lazy\" title=\"Bernd Schumacher gro\u00dfe TV - Musik - Show: Sternstunde Charts pur - Ausschnitte\" width=\"500\" height=\"281\" src=\"https:\/\/www.youtube.com\/embed\/9_SJCM1JvUc?feature=oembed\" frameborder=\"0\" allow=\"accelerometer; autoplay; clipboard-write; encrypted-media; gyroscope; picture-in-picture; web-share\" referrerpolicy=\"strict-origin-when-cross-origin\" allowfullscreen><\/iframe><\/p>\n<p>&nbsp;<\/p>\n<p>S-RTL, Late Talk mit Bernd Schumacher<\/p>\n<p><iframe loading=\"lazy\" title=\"Moderator Bernd Schumacher Gabi Decker auf Super RTL 1v4\" width=\"500\" height=\"281\" src=\"https:\/\/www.youtube.com\/embed\/NpyGhYGIe8o?feature=oembed\" frameborder=\"0\" allow=\"accelerometer; autoplay; clipboard-write; encrypted-media; gyroscope; picture-in-picture; web-share\" referrerpolicy=\"strict-origin-when-cross-origin\" allowfullscreen><\/iframe><\/p>\n<p>&nbsp;<\/p>\n<p>&nbsp;<\/p>\n<p>Video Technik F\u00dc<\/p>\n<p><iframe loading=\"lazy\" title=\"Making of Propaganda im Goya Berlin, DFF Deutsche Film Fernsehen\" width=\"500\" height=\"375\" src=\"https:\/\/www.youtube.com\/embed\/_zMkk1HDBLg?feature=oembed\" frameborder=\"0\" allow=\"accelerometer; autoplay; clipboard-write; encrypted-media; gyroscope; picture-in-picture; web-share\" referrerpolicy=\"strict-origin-when-cross-origin\" allowfullscreen><\/iframe><\/p>\n<p>&nbsp;<\/p>\n<p>&nbsp;<\/p>\n<p>Video Technik F\u00dc<\/p>\n<p><iframe loading=\"lazy\" title=\"Imagefilm F\u00dc8, DFF Deutsche Film Fernsehen\" width=\"500\" height=\"281\" src=\"https:\/\/www.youtube.com\/embed\/c3wSRSuab0U?feature=oembed\" frameborder=\"0\" allow=\"accelerometer; autoplay; clipboard-write; encrypted-media; gyroscope; picture-in-picture; web-share\" referrerpolicy=\"strict-origin-when-cross-origin\" allowfullscreen><\/iframe><\/p>\n<p>&nbsp;<\/p>\n<p>&nbsp;<\/p>\n<p>&nbsp;<\/p>\n","protected":false},"excerpt":{"rendered":"<p>Wir sind in nahezu allen Genres der TV-Produktion zu Hause. So haben wir mehrere hundert Folgen von Lifestyle-, Gesundheits-, Auto- und andere Magazinen, zahlreiche Nachrichtenbeitr\u00e4ge, sowie gro\u00dfe Abend-Unterhaltungsshows (Volksmusik, Schlager, Pop &amp; Rock, Galas uvm.) produziert. Die DFF geh\u00f6rt zu den Produktionsfirmen, die fundiertes Know [&hellip;]<\/p>\n","protected":false},"author":1,"featured_media":0,"parent":4,"menu_order":0,"comment_status":"open","ping_status":"open","template":"","meta":{"footnotes":""},"class_list":["post-99","page","type-page","status-publish","hentry"],"_links":{"self":[{"href":"https:\/\/dff-tv.de\/index.php?rest_route=\/wp\/v2\/pages\/99","targetHints":{"allow":["GET"]}}],"collection":[{"href":"https:\/\/dff-tv.de\/index.php?rest_route=\/wp\/v2\/pages"}],"about":[{"href":"https:\/\/dff-tv.de\/index.php?rest_route=\/wp\/v2\/types\/page"}],"author":[{"embeddable":true,"href":"https:\/\/dff-tv.de\/index.php?rest_route=\/wp\/v2\/users\/1"}],"replies":[{"embeddable":true,"href":"https:\/\/dff-tv.de\/index.php?rest_route=%2Fwp%2Fv2%2Fcomments&post=99"}],"version-history":[{"count":19,"href":"https:\/\/dff-tv.de\/index.php?rest_route=\/wp\/v2\/pages\/99\/revisions"}],"predecessor-version":[{"id":1005,"href":"https:\/\/dff-tv.de\/index.php?rest_route=\/wp\/v2\/pages\/99\/revisions\/1005"}],"up":[{"embeddable":true,"href":"https:\/\/dff-tv.de\/index.php?rest_route=\/wp\/v2\/pages\/4"}],"wp:attachment":[{"href":"https:\/\/dff-tv.de\/index.php?rest_route=%2Fwp%2Fv2%2Fmedia&parent=99"}],"curies":[{"name":"wp","href":"https:\/\/api.w.org\/{rel}","templated":true}]}}